{"id":2,"date":"2016-05-10T03:48:21","date_gmt":"2016-05-10T03:48:21","guid":{"rendered":"http:\/\/www.lexmedia.fr\/?page_id=2"},"modified":"2026-02-07T15:22:31","modified_gmt":"2026-02-07T15:22:31","slug":"sample-page","status":"publish","type":"page","link":"https:\/\/www.lexmedia.fr\/","title":{"rendered":"SOCIETE D&rsquo;AVOCATS"},"content":{"rendered":"<p>Le Cabinet Lexmedia a \u00e9t\u00e9 fond\u00e9 en 2006 par Pierre Gioux, avocat depuis 1994, et est d\u00e9di\u00e9 au secteur de la propri\u00e9t\u00e9 intellectuelle et de la communication, des technologies avanc\u00e9es, de l\u2019Internet, du commerce \u00e9lectronique et de l\u2019informatique.<\/p>\n<p>Le Cabinet Lexmedia intervient tant dans le domaine du conseil que du contentieux, en mati\u00e8re d\u2019\u00e9dition papier et \u00e9lectronique, de bandes dessin\u00e9es, de production audiovisuelle, d\u2019\u00e9dition de logiciels, de jeux de soci\u00e9t\u00e9, de jeux en ligne, de production de jeux vid\u00e9o, de jeux t\u00e9l\u00e9vis\u00e9s, de gestion et d\u2019exploitation des droits d\u00e9riv\u00e9s d\u2019\u0153uvres graphiques ou audiovisuelles, d\u2019exploitation des \u0153uvres graphiques et photographiques, d\u2019exploitation de fonds photographiques, de photojournalisme, du commerce \u00e9lectronique, de gestion de collections d\u2019\u0153uvres d\u2019art et de fonds appartenant \u00e0 des mus\u00e9es, d\u2019\u00e9dition phonographique et de gestion de la repr\u00e9sentation de l\u2019image des personnes et des biens.<\/p>\n<p>Le Cabinet Lexmedia assiste ses clients dans la r\u00e9alisation de projets novateurs alliant m\u00e9dias traditionnels et les nouvelles technologies de l\u2019information et l\u2019\u00e9laboration de productions audiovisuelles et multim\u00e9dia. Il intervient r\u00e9guli\u00e8rement dans la mise en \u0153uvre de projets \u00e9ditoriaux, la cr\u00e9ation de portails Internet dans les secteurs des loisirs et de la culture, du tourisme et la conduite de projets num\u00e9riques \u00e0 haute valeur ajout\u00e9e dans les secteurs de la culture, de la m\u00e9decine, du e-commerce et du business to business. Il assiste \u00e9galement ses clients dans la lutte contre les actes de contrefa\u00e7on et de parasitisme commercial et, de mani\u00e8re plus g\u00e9n\u00e9rale, dans la protection de leurs droits de propri\u00e9t\u00e9 intellectuelle sur les \u0153uvres qu\u2019ils exploitent.<\/p>\n<p>Le Cabinet Lexmedia est \u00e9galement le conseil de l\u2019Union des Editeurs de Jeux de Soci\u00e9t\u00e9, qui est le syndicat professionnel des \u00e9diteurs de jeux de soci\u00e9t\u00e9.<\/p>\n<p>Le Cabinet Lexmedia intervient aussi dans le domaine du droit du travail pour les entreprises relevant de son secteur d\u2019activit\u00e9.<\/p>\n<p>Enfin, depuis quelques ann\u00e9es, il a \u00e9t\u00e9 \u00e9tendu son activit\u00e9 dans le domaine du droit immobilier et des baux commerciaux.<\/p>\n<p><strong>LE CABINET LEXMEDIA<\/strong><\/p>\n<p>42, rue de la Clef, 75005 Paris<\/p>\n<p>T\u00e9l. : 01 83 81 00 36<\/p>\n<p>Mob. : 06 82 82 76 09<\/p>\n<p>Fax. : 09 57 25 80 99<\/p>\n<p>contact@lexmedia.fr<\/p>\n","protected":false},"excerpt":{"rendered":"<p>Le Cabinet Lexmedia a \u00e9t\u00e9 fond\u00e9 en 2006 par Pierre Gioux, avocat depuis 1994, et est d\u00e9di\u00e9 au secteur de la propri\u00e9t\u00e9 intellectuelle et de la communication, des technologies avanc\u00e9es, de l\u2019Internet, du commerce \u00e9lectronique et de l\u2019informatique. Le Cabinet Lexmedia intervient tant dans le domaine du conseil que du<a class=\"moretag\" href=\"https:\/\/www.lexmedia.fr\/\"> Lire la suite<\/a><\/p>\n","protected":false},"author":1,"featured_media":5,"parent":0,"menu_order":0,"comment_status":"closed","ping_status":"open","template":"page-templates\/template-fullwidth.php","meta":{"footnotes":""},"_links":{"self":[{"href":"https:\/\/www.lexmedia.fr\/index.php?rest_route=\/wp\/v2\/pages\/2"}],"collection":[{"href":"https:\/\/www.lexmedia.fr\/index.php?rest_route=\/wp\/v2\/pages"}],"about":[{"href":"https:\/\/www.lexmedia.fr\/index.php?rest_route=\/wp\/v2\/types\/page"}],"author":[{"embeddable":true,"href":"https:\/\/www.lexmedia.fr\/index.php?rest_route=\/wp\/v2\/users\/1"}],"replies":[{"embeddable":true,"href":"https:\/\/www.lexmedia.fr\/index.php?rest_route=%2Fwp%2Fv2%2Fcomments&post=2"}],"version-history":[{"count":7,"href":"https:\/\/www.lexmedia.fr\/index.php?rest_route=\/wp\/v2\/pages\/2\/revisions"}],"predecessor-version":[{"id":36,"href":"https:\/\/www.lexmedia.fr\/index.php?rest_route=\/wp\/v2\/pages\/2\/revisions\/36"}],"wp:featuredmedia":[{"embeddable":true,"href":"https:\/\/www.lexmedia.fr\/index.php?rest_route=\/wp\/v2\/media\/5"}],"wp:attachment":[{"href":"https:\/\/www.lexmedia.fr\/index.php?rest_route=%2Fwp%2Fv2%2Fmedia&parent=2"}],"curies":[{"name":"wp","href":"https:\/\/api.w.org\/{rel}","templated":true}]}}